{"id":347,"date":"2020-12-23T12:40:22","date_gmt":"2020-12-23T12:40:22","guid":{"rendered":"https:\/\/www.jozefiak.org\/?page_id=347"},"modified":"2021-03-29T11:57:15","modified_gmt":"2021-03-29T11:57:15","slug":"pomoc-frankowiczom","status":"publish","type":"page","link":"https:\/\/www.jozefiak.org\/index.php\/pomoc-frankowiczom","title":{"rendered":"Pomoc frankowiczom"},"content":{"rendered":"\t\t<div data-elementor-type=\"wp-page\" data-elementor-id=\"347\" class=\"elementor elementor-347\" data-elementor-settings=\"[]\">\n\t\t\t\t\t\t<div class=\"elementor-inner\">\n\t\t\t\t\t\t\t<div class=\"elementor-section-wrap\">\n\t\t\t\t\t\t\t<section class=\"elementor-section elementor-top-section elementor-element elementor-element-23553e9a elementor-section-boxed elementor-section-height-default elementor-section-height-default\" data-id=\"23553e9a\" data-element_type=\"section\">\n\t\t\t\t\t\t<div class=\"elementor-container elementor-column-gap-no\">\n\t\t\t\t\t\t\t<div class=\"elementor-row\">\n\t\t\t\t\t<div class=\"aux-parallax-section elementor-column elementor-col-100 elementor-top-column elementor-element elementor-element-6ce96e1c\" data-id=\"6ce96e1c\" data-element_type=\"column\">\n\t\t\t<div class=\"elementor-column-wrap elementor-element-populated\">\n\t\t\t\t\t\t\t<div class=\"elementor-widget-wrap\">\n\t\t\t\t\t\t<section class=\"elementor-section elementor-inner-section elementor-element elementor-element-9fa6f51 elementor-section-full_width elementor-section-height-default elementor-section-height-default\" data-id=\"9fa6f51\" data-element_type=\"section\">\n\t\t\t\t\t\t<div class=\"elementor-container elementor-column-gap-no\">\n\t\t\t\t\t\t\t<div class=\"elementor-row\">\n\t\t\t\t\t<div class=\"aux-parallax-section elementor-column elementor-col-100 elementor-inner-column elementor-element elementor-element-f733052\" data-id=\"f733052\" data-element_type=\"column\">\n\t\t\t<div class=\"elementor-column-wrap elementor-element-populated\">\n\t\t\t\t\t\t\t<div class=\"elementor-widget-wrap\">\n\t\t\t\t\t\t<div class=\"elementor-element elementor-element-be60b38 elementor-widget elementor-widget-heading\" data-id=\"be60b38\" data-element_type=\"widget\" data-widget_type=\"heading.default\">\n\t\t\t\t<div class=\"elementor-widget-container\">\n\t\t\t<h2 class=\"elementor-heading-title elementor-size-default\">Pomoc Frankowiczom<\/h2>\t\t<\/div>\n\t\t\t\t<\/div>\n\t\t\t\t<div class=\"elementor-element elementor-element-8996e3f elementor-widget elementor-widget-text-editor\" data-id=\"8996e3f\" data-element_type=\"widget\" data-widget_type=\"text-editor.default\">\n\t\t\t\t<div class=\"elementor-widget-container\">\n\t\t\t\t\t<div class=\"elementor-text-editor elementor-clearfix\"><p><b>Kancelaria specjalizuje si\u0119<\/b> <b>w udzielaniu pomocy prawnej <\/b>osobom posiadaj\u0105cym kredyty walutowe, w&nbsp;tym w szczeg\u00f3lno\u015bci tzw. kredyty frankowe, oferuj\u0105c post\u0119powanie sk\u0142adaj\u0105ce si\u0119 z nast\u0119puj\u0105cych segment\u00f3w:<\/p><\/div>\n\t\t\t\t<\/div>\n\t\t\t\t<\/div>\n\t\t\t\t<div class=\"elementor-element elementor-element-a821cd2 elementor-widget elementor-widget-text-editor\" data-id=\"a821cd2\" data-element_type=\"widget\" data-widget_type=\"text-editor.default\">\n\t\t\t\t<div class=\"elementor-widget-container\">\n\t\t\t\t\t<div class=\"elementor-text-editor elementor-clearfix\"><ol><li style=\"list-style-type: none;\"><ol><li>Wst\u0119pna analiza umowy kredytowej, ocena szansy na skuteczne rozstrzygni\u0119cie, korespondencja i\u00a0kontakt z Klientem maj\u0105cy na celu zgromadzenie niezb\u0119dnej dokumentacji do dalszego prowadzenia sprawy.<\/li><li>Skierowanie w imieniu Klient\u00f3w reklamacji do Banku ze wskazaniem na konkretny zakres roszczenia oraz wyszczeg\u00f3lnieniem podstaw niewa\u017cno\u015bci umowy\/ra\u017c\u0105cego naruszenia przepis\u00f3w przez Bank.<\/li><li>Po otrzymaniu odpowiedzi na reklamacj\u0119 &#8211; skierowanie sprawy do rozpoznania przez Rzecznika Finansowego w celu zainicjowania pr\u00f3by ugodowego rozwi\u0105zania sporu z instytucj\u0105 finansow\u0105.<\/li><li>Aktywne dzia\u0142anie w toku post\u0119powania przed Rzecznikiem Finansowym, kierowanie uwag i\u00a0odnoszenie si\u0119 do propozycji Rzecznika (proponowanie przez Kancelari\u0105 konkretnych rozwi\u0105za\u0144 umownych maj\u0105cych na celu zabezpieczenie interesu Klient\u00f3w), pr\u00f3ba wypracowania konsensusu na etapie ugodowego rozwi\u0105zania sporu.<\/li><li>W sytuacji braku mo\u017cliwo\u015bci osi\u0105gniecia porozumienia w post\u0119powaniu przed Rzecznikiem &#8211; skierowanie sprawy na drog\u0119 post\u0119powania s\u0105dowego w oparciu o indywidualn\u0105 ocen\u0119 umowy kredytowej oraz opini\u0119 Rzecznika Finansowego.<\/li><li>Reprezentacja w toku post\u0119powania s\u0105dowego (we wszystkich instancjach, obejmuj\u0105ca r\u00f3wnie\u017c reprezentacj\u0119 przed S\u0105dem Najwy\u017cszym), udzia\u0142 w rozprawach, prowadzenie w toku procesu rozm\u00f3w negocjacyjnych z Bankiem.<\/li><\/ol><\/li><\/ol><\/div>\n\t\t\t\t<\/div>\n\t\t\t\t<\/div>\n\t\t\t\t<div class=\"elementor-element elementor-element-b80402d elementor-widget elementor-widget-text-editor\" data-id=\"b80402d\" data-element_type=\"widget\" data-widget_type=\"text-editor.default\">\n\t\t\t\t<div class=\"elementor-widget-container\">\n\t\t\t\t\t<div class=\"elementor-text-editor elementor-clearfix\"><p>Na ka\u017cdym etapie post\u0119powania reprezentacja obejmuje r\u00f3wnie\u017c mo\u017cliwo\u015b\u0107 bie\u017c\u0105cego kontaktu Klienta z osobami przypisanymi do prowadzenia sprawy, udzielanie przez Kancelari\u0119 wyja\u015bnie\u0144 dotycz\u0105cych przyj\u0119tych wariant\u00f3w post\u0119powania i zastosowanej argumentacji, informowanie o bie\u017c\u0105cym stanie post\u0119powania i kontrola terminowo\u015bci prowadzonych spraw.<\/p><p>Oferta jest skierowana zar\u00f3wno do Kredytobiorc\u00f3w, kt\u00f3rzy w dalszym ci\u0105gu reguluj\u0105 zobowi\u0105zania umowne, jak i dla Kredytobiorc\u00f3w, kt\u00f3rzy sp\u0142acili ju\u017c swoje zobowi\u0105zania i formalnie zako\u0144czyli wsp\u00f3\u0142prac\u0119 z Bankiem w zakresie sp\u0142aty kredytu.<\/p><\/div>\n\t\t\t\t<\/div>\n\t\t\t\t<\/div>\n\t\t\t\t\t\t<\/div>\n\t\t\t\t\t<\/div>\n\t\t<\/div>\n\t\t\t\t\t\t\t\t<\/div>\n\t\t\t\t\t<\/div>\n\t\t<\/section>\n\t\t\t\t\t\t<\/div>\n\t\t\t\t\t<\/div>\n\t\t<\/div>\n\t\t\t\t\t\t\t\t<\/div>\n\t\t\t\t\t<\/div>\n\t\t<\/section>\n\t\t\t\t\t\t<\/div>\n\t\t\t\t\t\t<\/div>\n\t\t\t\t\t<\/div>\n\t\t","protected":false},"excerpt":{"rendered":"<p>Pomoc Frankowiczom Kancelaria specjalizuje si\u0119 w udzielaniu pomocy prawnej osobom posiadaj\u0105cym kredyty walutowe, w&nbsp;tym w szczeg\u00f3lno\u015bci tzw. kredyty frankowe, oferuj\u0105c post\u0119powanie sk\u0142adaj\u0105ce si\u0119 z nast\u0119puj\u0105cych segment\u00f3w: Wst\u0119pna analiza umowy kredytowej, ocena szansy na skuteczne rozstrzygni\u0119cie, korespondencja i\u00a0kontakt z Klientem maj\u0105cy na celu zgromadzenie niezb\u0119dnej dokumentacji do dalszego prowadzenia sprawy. Skierowanie w imieniu Klient\u00f3w reklamacji do [&hellip;]<\/p>\n","protected":false},"author":1,"featured_media":0,"parent":0,"menu_order":0,"comment_status":"closed","ping_status":"closed","template":"","meta":[],"_links":{"self":[{"href":"https:\/\/www.jozefiak.org\/index.php\/wp-json\/wp\/v2\/pages\/347"}],"collection":[{"href":"https:\/\/www.jozefiak.org\/index.php\/wp-json\/wp\/v2\/pages"}],"about":[{"href":"https:\/\/www.jozefiak.org\/index.php\/wp-json\/wp\/v2\/types\/page"}],"author":[{"embeddable":true,"href":"https:\/\/www.jozefiak.org\/index.php\/wp-json\/wp\/v2\/users\/1"}],"replies":[{"embeddable":true,"href":"https:\/\/www.jozefiak.org\/index.php\/wp-json\/wp\/v2\/comments?post=347"}],"version-history":[{"count":16,"href":"https:\/\/www.jozefiak.org\/index.php\/wp-json\/wp\/v2\/pages\/347\/revisions"}],"predecessor-version":[{"id":888,"href":"https:\/\/www.jozefiak.org\/index.php\/wp-json\/wp\/v2\/pages\/347\/revisions\/888"}],"wp:attachment":[{"href":"https:\/\/www.jozefiak.org\/index.php\/wp-json\/wp\/v2\/media?parent=347"}],"curies":[{"name":"wp","href":"https:\/\/api.w.org\/{rel}","templated":true}]}}