{"id":384,"date":"2020-12-23T13:08:13","date_gmt":"2020-12-23T13:08:13","guid":{"rendered":"https:\/\/www.jozefiak.org\/?page_id=384"},"modified":"2021-02-28T20:05:26","modified_gmt":"2021-02-28T20:05:26","slug":"prawo-administracyjne","status":"publish","type":"page","link":"https:\/\/www.jozefiak.org\/index.php\/prawo-administracyjne","title":{"rendered":"Prawo administracyjne"},"content":{"rendered":"\t\t<div data-elementor-type=\"wp-page\" data-elementor-id=\"384\" class=\"elementor elementor-384\" data-elementor-settings=\"[]\">\n\t\t\t\t\t\t<div class=\"elementor-inner\">\n\t\t\t\t\t\t\t<div class=\"elementor-section-wrap\">\n\t\t\t\t\t\t\t<section class=\"elementor-section elementor-top-section elementor-element elementor-element-23553e9a elementor-section-boxed elementor-section-height-default elementor-section-height-default\" data-id=\"23553e9a\" data-element_type=\"section\">\n\t\t\t\t\t\t<div class=\"elementor-container elementor-column-gap-no\">\n\t\t\t\t\t\t\t<div class=\"elementor-row\">\n\t\t\t\t\t<div class=\"aux-parallax-section elementor-column elementor-col-100 elementor-top-column elementor-element elementor-element-6ce96e1c\" data-id=\"6ce96e1c\" data-element_type=\"column\">\n\t\t\t<div class=\"elementor-column-wrap elementor-element-populated\">\n\t\t\t\t\t\t\t<div class=\"elementor-widget-wrap\">\n\t\t\t\t\t\t<div class=\"elementor-element elementor-element-b6b949b elementor-widget elementor-widget-heading\" data-id=\"b6b949b\" data-element_type=\"widget\" data-widget_type=\"heading.default\">\n\t\t\t\t<div class=\"elementor-widget-container\">\n\t\t\t<h2 class=\"elementor-heading-title elementor-size-default\">PRAWO ADMINISTRACYJNE<\/h2>\t\t<\/div>\n\t\t\t\t<\/div>\n\t\t\t\t<section class=\"elementor-section elementor-inner-section elementor-element elementor-element-9fa6f51 elementor-section-full_width elementor-section-height-default elementor-section-height-default\" data-id=\"9fa6f51\" data-element_type=\"section\">\n\t\t\t\t\t\t<div class=\"elementor-container elementor-column-gap-no\">\n\t\t\t\t\t\t\t<div class=\"elementor-row\">\n\t\t\t\t\t<div class=\"aux-parallax-section elementor-column elementor-col-100 elementor-inner-column elementor-element elementor-element-f733052\" data-id=\"f733052\" data-element_type=\"column\">\n\t\t\t<div class=\"elementor-column-wrap elementor-element-populated\">\n\t\t\t\t\t\t\t<div class=\"elementor-widget-wrap\">\n\t\t\t\t\t\t<div class=\"elementor-element elementor-element-8996e3f elementor-widget elementor-widget-text-editor\" data-id=\"8996e3f\" data-element_type=\"widget\" data-widget_type=\"text-editor.default\">\n\t\t\t\t<div class=\"elementor-widget-container\">\n\t\t\t\t\t<div class=\"elementor-text-editor elementor-clearfix\"><p><strong>Kancelaria posiada bogate do\u015bwiadczenie w zakresie szeroko poj\u0119tego prawa administracyjnego, w\u00a0szczeg\u00f3lno\u015bci:<\/strong><\/p><ul><li>ca\u0142o\u015bciowe nadzorowanie procesu inwestycyjnego \u2013 decyzja o \u015brodowiskowych uwarunkowaniach realizacji przedsi\u0119wzi\u0119cia, decyzja o warunkach zabudowy, pozwolenie na budow\u0119, pozwolenie na u\u017cytkowanie, op\u0142aty z tytu\u0142u u\u017cytkowania wieczystego, trwa\u0142y zarz\u0105d, op\u0142aty \u015brodowiskowe, podatek od nieruchomo\u015bci itp.,<\/li><li>miejscowe plany zagospodarowania przestrzennego, zmiana przeznaczenia grunt\u00f3w,<\/li><li>decyzje o lokalizacji inwestycji celu publicznego,<\/li><li>op\u0142aty adiacenckie, renta planistyczna,<\/li><li>lokalizacje elektrowni wiatrowych, s\u0142onecznych i gazowych,<\/li><li>kompleksowa obs\u0142uga pod wzgl\u0119dem prawnym sp\u00f3\u0142dzielni mieszkaniowych i wsp\u00f3lnot mieszkaniowych,<\/li><li>spory kompetencyjne mi\u0119dzy organami jednostek samorz\u0105du terytorialnego a organami administracji rz\u0105dowej,<\/li><li>sprawy cudzoziemc\u00f3w \u2013 dowody osobiste, zatrudnianie, zezwolenie na pobyt i prac\u0119, nabycie ziemi przez cudzoziemc\u00f3w, zak\u0142adanie sp\u00f3\u0142ek,<\/li><li>odpady \u2013 zezwolenia na prowadzenie dzia\u0142alno\u015bci w zakresie odpad\u00f3w, w tym odzysk, sk\u0142adowiska odpad\u00f3w, transport odpad\u00f3w, rekultywacja,<\/li><li>sprawy farmaceutyczne &#8211; uzyskiwanie zezwole\u0144 na prowadzenie apteki og\u00f3lnodost\u0119pnej lub hurtowni farmaceutycznej, cofni\u0119cie zezwolenia, przeniesienie zezwolenia, sukcesja zezwolenia.<\/li><\/ul><\/div>\n\t\t\t\t<\/div>\n\t\t\t\t<\/div>\n\t\t\t\t\t\t<\/div>\n\t\t\t\t\t<\/div>\n\t\t<\/div>\n\t\t\t\t\t\t\t\t<\/div>\n\t\t\t\t\t<\/div>\n\t\t<\/section>\n\t\t\t\t\t\t<\/div>\n\t\t\t\t\t<\/div>\n\t\t<\/div>\n\t\t\t\t\t\t\t\t<\/div>\n\t\t\t\t\t<\/div>\n\t\t<\/section>\n\t\t\t\t\t\t<\/div>\n\t\t\t\t\t\t<\/div>\n\t\t\t\t\t<\/div>\n\t\t","protected":false},"excerpt":{"rendered":"<p>PRAWO ADMINISTRACYJNE Kancelaria posiada bogate do\u015bwiadczenie w zakresie szeroko poj\u0119tego prawa administracyjnego, w\u00a0szczeg\u00f3lno\u015bci: ca\u0142o\u015bciowe nadzorowanie procesu inwestycyjnego \u2013 decyzja o \u015brodowiskowych uwarunkowaniach realizacji przedsi\u0119wzi\u0119cia, decyzja o warunkach zabudowy, pozwolenie na budow\u0119, pozwolenie na u\u017cytkowanie, op\u0142aty z tytu\u0142u u\u017cytkowania wieczystego, trwa\u0142y zarz\u0105d, op\u0142aty \u015brodowiskowe, podatek od nieruchomo\u015bci itp., miejscowe plany zagospodarowania przestrzennego, zmiana przeznaczenia grunt\u00f3w, decyzje [&hellip;]<\/p>\n","protected":false},"author":1,"featured_media":0,"parent":0,"menu_order":0,"comment_status":"closed","ping_status":"closed","template":"","meta":[],"_links":{"self":[{"href":"https:\/\/www.jozefiak.org\/index.php\/wp-json\/wp\/v2\/pages\/384"}],"collection":[{"href":"https:\/\/www.jozefiak.org\/index.php\/wp-json\/wp\/v2\/pages"}],"about":[{"href":"https:\/\/www.jozefiak.org\/index.php\/wp-json\/wp\/v2\/types\/page"}],"author":[{"embeddable":true,"href":"https:\/\/www.jozefiak.org\/index.php\/wp-json\/wp\/v2\/users\/1"}],"replies":[{"embeddable":true,"href":"https:\/\/www.jozefiak.org\/index.php\/wp-json\/wp\/v2\/comments?post=384"}],"version-history":[{"count":13,"href":"https:\/\/www.jozefiak.org\/index.php\/wp-json\/wp\/v2\/pages\/384\/revisions"}],"predecessor-version":[{"id":634,"href":"https:\/\/www.jozefiak.org\/index.php\/wp-json\/wp\/v2\/pages\/384\/revisions\/634"}],"wp:attachment":[{"href":"https:\/\/www.jozefiak.org\/index.php\/wp-json\/wp\/v2\/media?parent=384"}],"curies":[{"name":"wp","href":"https:\/\/api.w.org\/{rel}","templated":true}]}}