{"id":389,"date":"2020-12-23T13:09:09","date_gmt":"2020-12-23T13:09:09","guid":{"rendered":"https:\/\/www.jozefiak.org\/?page_id=389"},"modified":"2021-02-28T20:06:23","modified_gmt":"2021-02-28T20:06:23","slug":"prawo-handlowe","status":"publish","type":"page","link":"https:\/\/www.jozefiak.org\/index.php\/prawo-handlowe","title":{"rendered":"Prawo handlowe"},"content":{"rendered":"\t\t<div data-elementor-type=\"wp-page\" data-elementor-id=\"389\" class=\"elementor elementor-389\" data-elementor-settings=\"[]\">\n\t\t\t\t\t\t<div class=\"elementor-inner\">\n\t\t\t\t\t\t\t<div class=\"elementor-section-wrap\">\n\t\t\t\t\t\t\t<section class=\"elementor-section elementor-top-section elementor-element elementor-element-23553e9a elementor-section-boxed elementor-section-height-default elementor-section-height-default\" data-id=\"23553e9a\" data-element_type=\"section\">\n\t\t\t\t\t\t<div class=\"elementor-container elementor-column-gap-no\">\n\t\t\t\t\t\t\t<div class=\"elementor-row\">\n\t\t\t\t\t<div class=\"aux-parallax-section elementor-column elementor-col-100 elementor-top-column elementor-element elementor-element-6ce96e1c\" data-id=\"6ce96e1c\" data-element_type=\"column\">\n\t\t\t<div class=\"elementor-column-wrap elementor-element-populated\">\n\t\t\t\t\t\t\t<div class=\"elementor-widget-wrap\">\n\t\t\t\t\t\t<section class=\"elementor-section elementor-inner-section elementor-element elementor-element-9fa6f51 elementor-section-full_width elementor-section-height-default elementor-section-height-default\" data-id=\"9fa6f51\" data-element_type=\"section\">\n\t\t\t\t\t\t<div class=\"elementor-container elementor-column-gap-no\">\n\t\t\t\t\t\t\t<div class=\"elementor-row\">\n\t\t\t\t\t<div class=\"aux-parallax-section elementor-column elementor-col-100 elementor-inner-column elementor-element elementor-element-f733052\" data-id=\"f733052\" data-element_type=\"column\">\n\t\t\t<div class=\"elementor-column-wrap elementor-element-populated\">\n\t\t\t\t\t\t\t<div class=\"elementor-widget-wrap\">\n\t\t\t\t\t\t<div class=\"elementor-element elementor-element-7ca4c8d elementor-widget elementor-widget-heading\" data-id=\"7ca4c8d\" data-element_type=\"widget\" data-widget_type=\"heading.default\">\n\t\t\t\t<div class=\"elementor-widget-container\">\n\t\t\t<h2 class=\"elementor-heading-title elementor-size-default\">PRAWO HANDLOWE<\/h2>\t\t<\/div>\n\t\t\t\t<\/div>\n\t\t\t\t<div class=\"elementor-element elementor-element-8996e3f elementor-widget elementor-widget-text-editor\" data-id=\"8996e3f\" data-element_type=\"widget\" data-widget_type=\"text-editor.default\">\n\t\t\t\t<div class=\"elementor-widget-container\">\n\t\t\t\t\t<div class=\"elementor-text-editor elementor-clearfix\"><p><strong>Kancelaria od wielu lat \u015bwiadczy obs\u0142ug\u0119 prawn\u0105 sp\u00f3\u0142ek prawa handlowego, w zakresie doradztwa korporacyjnego i bie\u017c\u0105cego rozwi\u0105zywania sytuacji spornych, w szczeg\u00f3lno\u015bci w zakresie:<\/strong><\/p><ul><li>tworzenia sp\u00f3\u0142ek oraz rejestrowania dzia\u0142alno\u015bci gospodarczej, w tym w szczeg\u00f3lno\u015bci przy pomocy \u015brodk\u00f3w elektronicznych (portal s24),<\/li><li>przekszta\u0142cania, \u0142\u0105czenia, podzia\u0142u oraz likwidacji sp\u00f3\u0142ek,<\/li><li>sporz\u0105dzania um\u00f3w sp\u00f3\u0142ek, uchwa\u0142 organ\u00f3w zarz\u0105dzaj\u0105cych, nadzorczych i kontrolnych, protoko\u0142\u00f3w z posiedze\u0144 oraz pozosta\u0142ych niezb\u0119dnych dokument\u00f3w,<\/li><li>przygotowywania dokument\u00f3w w celu zg\u0142aszania zmian w Krajowym Rejestrze S\u0105dowym,<\/li><li>bie\u017c\u0105cej obs\u0142ugi podmiot\u00f3w gospodarczych, udzia\u0142u w sprawach s\u0105dowych oraz prowadzenia negocjacji pozas\u0105dowych,<\/li><li>reprezentowania cz\u0142onk\u00f3w organ\u00f3w sp\u00f3\u0142ek handlowych podczas zgromadze\u0144 i posiedze\u0144,<\/li><li>doradztwo w zakresie compliance, ochrony oraz przetwarzania danych osobowych,<\/li><li>przygotowywania oraz analizy um\u00f3w prawa handlowego, w tym w j\u0119zyku angielskim.<\/li><\/ul><\/div>\n\t\t\t\t<\/div>\n\t\t\t\t<\/div>\n\t\t\t\t\t\t<\/div>\n\t\t\t\t\t<\/div>\n\t\t<\/div>\n\t\t\t\t\t\t\t\t<\/div>\n\t\t\t\t\t<\/div>\n\t\t<\/section>\n\t\t\t\t\t\t<\/div>\n\t\t\t\t\t<\/div>\n\t\t<\/div>\n\t\t\t\t\t\t\t\t<\/div>\n\t\t\t\t\t<\/div>\n\t\t<\/section>\n\t\t\t\t\t\t<\/div>\n\t\t\t\t\t\t<\/div>\n\t\t\t\t\t<\/div>\n\t\t","protected":false},"excerpt":{"rendered":"<p>PRAWO HANDLOWE Kancelaria od wielu lat \u015bwiadczy obs\u0142ug\u0119 prawn\u0105 sp\u00f3\u0142ek prawa handlowego, w zakresie doradztwa korporacyjnego i bie\u017c\u0105cego rozwi\u0105zywania sytuacji spornych, w szczeg\u00f3lno\u015bci w zakresie: tworzenia sp\u00f3\u0142ek oraz rejestrowania dzia\u0142alno\u015bci gospodarczej, w tym w szczeg\u00f3lno\u015bci przy pomocy \u015brodk\u00f3w elektronicznych (portal s24), przekszta\u0142cania, \u0142\u0105czenia, podzia\u0142u oraz likwidacji sp\u00f3\u0142ek, sporz\u0105dzania um\u00f3w sp\u00f3\u0142ek, uchwa\u0142 organ\u00f3w zarz\u0105dzaj\u0105cych, nadzorczych i [&hellip;]<\/p>\n","protected":false},"author":1,"featured_media":0,"parent":0,"menu_order":0,"comment_status":"closed","ping_status":"closed","template":"","meta":[],"_links":{"self":[{"href":"https:\/\/www.jozefiak.org\/index.php\/wp-json\/wp\/v2\/pages\/389"}],"collection":[{"href":"https:\/\/www.jozefiak.org\/index.php\/wp-json\/wp\/v2\/pages"}],"about":[{"href":"https:\/\/www.jozefiak.org\/index.php\/wp-json\/wp\/v2\/types\/page"}],"author":[{"embeddable":true,"href":"https:\/\/www.jozefiak.org\/index.php\/wp-json\/wp\/v2\/users\/1"}],"replies":[{"embeddable":true,"href":"https:\/\/www.jozefiak.org\/index.php\/wp-json\/wp\/v2\/comments?post=389"}],"version-history":[{"count":19,"href":"https:\/\/www.jozefiak.org\/index.php\/wp-json\/wp\/v2\/pages\/389\/revisions"}],"predecessor-version":[{"id":637,"href":"https:\/\/www.jozefiak.org\/index.php\/wp-json\/wp\/v2\/pages\/389\/revisions\/637"}],"wp:attachment":[{"href":"https:\/\/www.jozefiak.org\/index.php\/wp-json\/wp\/v2\/media?parent=389"}],"curies":[{"name":"wp","href":"https:\/\/api.w.org\/{rel}","templated":true}]}}