{"id":400,"date":"2020-12-23T13:10:25","date_gmt":"2020-12-23T13:10:25","guid":{"rendered":"https:\/\/www.jozefiak.org\/?page_id=400"},"modified":"2021-02-28T20:07:06","modified_gmt":"2021-02-28T20:07:06","slug":"prawo-karne","status":"publish","type":"page","link":"https:\/\/www.jozefiak.org\/index.php\/prawo-karne","title":{"rendered":"Prawo karne"},"content":{"rendered":"\t\t<div data-elementor-type=\"wp-page\" data-elementor-id=\"400\" class=\"elementor elementor-400\" data-elementor-settings=\"[]\">\n\t\t\t\t\t\t<div class=\"elementor-inner\">\n\t\t\t\t\t\t\t<div class=\"elementor-section-wrap\">\n\t\t\t\t\t\t\t<section class=\"elementor-section elementor-top-section elementor-element elementor-element-23553e9a elementor-section-boxed elementor-section-height-default elementor-section-height-default\" data-id=\"23553e9a\" data-element_type=\"section\">\n\t\t\t\t\t\t<div class=\"elementor-container elementor-column-gap-no\">\n\t\t\t\t\t\t\t<div class=\"elementor-row\">\n\t\t\t\t\t<div class=\"aux-parallax-section elementor-column elementor-col-100 elementor-top-column elementor-element elementor-element-6ce96e1c\" data-id=\"6ce96e1c\" data-element_type=\"column\">\n\t\t\t<div class=\"elementor-column-wrap elementor-element-populated\">\n\t\t\t\t\t\t\t<div class=\"elementor-widget-wrap\">\n\t\t\t\t\t\t<section class=\"elementor-section elementor-inner-section elementor-element elementor-element-9fa6f51 elementor-section-full_width elementor-section-height-default elementor-section-height-default\" data-id=\"9fa6f51\" data-element_type=\"section\">\n\t\t\t\t\t\t<div class=\"elementor-container elementor-column-gap-no\">\n\t\t\t\t\t\t\t<div class=\"elementor-row\">\n\t\t\t\t\t<div class=\"aux-parallax-section elementor-column elementor-col-100 elementor-inner-column elementor-element elementor-element-f733052\" data-id=\"f733052\" data-element_type=\"column\">\n\t\t\t<div class=\"elementor-column-wrap elementor-element-populated\">\n\t\t\t\t\t\t\t<div class=\"elementor-widget-wrap\">\n\t\t\t\t\t\t<div class=\"elementor-element elementor-element-5ca17ac elementor-widget elementor-widget-heading\" data-id=\"5ca17ac\" data-element_type=\"widget\" data-widget_type=\"heading.default\">\n\t\t\t\t<div class=\"elementor-widget-container\">\n\t\t\t<h2 class=\"elementor-heading-title elementor-size-default\">PRAWO KARNE<\/h2>\t\t<\/div>\n\t\t\t\t<\/div>\n\t\t\t\t<div class=\"elementor-element elementor-element-8996e3f elementor-widget elementor-widget-text-editor\" data-id=\"8996e3f\" data-element_type=\"widget\" data-widget_type=\"text-editor.default\">\n\t\t\t\t<div class=\"elementor-widget-container\">\n\t\t\t\t\t<div class=\"elementor-text-editor elementor-clearfix\"><p><strong>Kancelaria oferuje zabezpieczenie interes\u00f3w Klient\u00f3w (zar\u00f3wno os\u00f3b fizycznych, jak i os\u00f3b prawnych) w toku post\u0119powa\u0144 karnych, karnoskarbowych oraz wykroczeniowych, w szczeg\u00f3lno\u015bci poprzez:<\/strong><\/p><ul><li>reprezentacj\u0119 zar\u00f3wno pokrzywdzonych, jak i podejrzanych, na etapie post\u0119powania przygotowawczego przed organami Policji oraz Prokuratury,<\/li><li>sporz\u0105dzanie zawiadomie\u0144 o mo\u017cliwo\u015bci pope\u0142nienia przest\u0119pstwa,<\/li><li>dzia\u0142ania w ramach reprezentacji oskar\u017cyciela posi\u0142kowego oraz oskar\u017cyciela prywatnego na etapie post\u0119powania s\u0105dowego,<\/li><li>opracowywanie strategii obro\u0144czej i wyst\u0119powanie jako obro\u0144ca os\u00f3b oskar\u017conych w toku post\u0119powania s\u0105dowego,<\/li><li>kompleksowe dzia\u0142anie w celu wydania korzystnego wyroku \u0142\u0105cznego,<\/li><li>reprezentowanie w post\u0119powaniu karnym wykonawczym, w szczeg\u00f3lno\u015bci w zakresie wniosk\u00f3w i za\u017cale\u0144 dotycz\u0105cych odroczenia wykonania kary, zwolnienia przedterminowego,<\/li><li>sporz\u0105dzanie analiz z zakresu prawa karnego, wykroczeniowego oraz karnoskarbowego,<\/li><li>dochodzenie nawi\u0105zek, odszkodowa\u0144, obowi\u0105zk\u00f3w naprawienia szkody w post\u0119powaniach karnych.<\/li><\/ul><\/div>\n\t\t\t\t<\/div>\n\t\t\t\t<\/div>\n\t\t\t\t\t\t<\/div>\n\t\t\t\t\t<\/div>\n\t\t<\/div>\n\t\t\t\t\t\t\t\t<\/div>\n\t\t\t\t\t<\/div>\n\t\t<\/section>\n\t\t\t\t\t\t<\/div>\n\t\t\t\t\t<\/div>\n\t\t<\/div>\n\t\t\t\t\t\t\t\t<\/div>\n\t\t\t\t\t<\/div>\n\t\t<\/section>\n\t\t\t\t\t\t<\/div>\n\t\t\t\t\t\t<\/div>\n\t\t\t\t\t<\/div>\n\t\t","protected":false},"excerpt":{"rendered":"<p>PRAWO KARNE Kancelaria oferuje zabezpieczenie interes\u00f3w Klient\u00f3w (zar\u00f3wno os\u00f3b fizycznych, jak i os\u00f3b prawnych) w toku post\u0119powa\u0144 karnych, karnoskarbowych oraz wykroczeniowych, w szczeg\u00f3lno\u015bci poprzez: reprezentacj\u0119 zar\u00f3wno pokrzywdzonych, jak i podejrzanych, na etapie post\u0119powania przygotowawczego przed organami Policji oraz Prokuratury, sporz\u0105dzanie zawiadomie\u0144 o mo\u017cliwo\u015bci pope\u0142nienia przest\u0119pstwa, dzia\u0142ania w ramach reprezentacji oskar\u017cyciela posi\u0142kowego oraz oskar\u017cyciela prywatnego na [&hellip;]<\/p>\n","protected":false},"author":1,"featured_media":0,"parent":0,"menu_order":0,"comment_status":"closed","ping_status":"closed","template":"","meta":[],"_links":{"self":[{"href":"https:\/\/www.jozefiak.org\/index.php\/wp-json\/wp\/v2\/pages\/400"}],"collection":[{"href":"https:\/\/www.jozefiak.org\/index.php\/wp-json\/wp\/v2\/pages"}],"about":[{"href":"https:\/\/www.jozefiak.org\/index.php\/wp-json\/wp\/v2\/types\/page"}],"author":[{"embeddable":true,"href":"https:\/\/www.jozefiak.org\/index.php\/wp-json\/wp\/v2\/users\/1"}],"replies":[{"embeddable":true,"href":"https:\/\/www.jozefiak.org\/index.php\/wp-json\/wp\/v2\/comments?post=400"}],"version-history":[{"count":22,"href":"https:\/\/www.jozefiak.org\/index.php\/wp-json\/wp\/v2\/pages\/400\/revisions"}],"predecessor-version":[{"id":643,"href":"https:\/\/www.jozefiak.org\/index.php\/wp-json\/wp\/v2\/pages\/400\/revisions\/643"}],"wp:attachment":[{"href":"https:\/\/www.jozefiak.org\/index.php\/wp-json\/wp\/v2\/media?parent=400"}],"curies":[{"name":"wp","href":"https:\/\/api.w.org\/{rel}","templated":true}]}}