{"id":408,"date":"2020-12-23T13:11:45","date_gmt":"2020-12-23T13:11:45","guid":{"rendered":"https:\/\/www.jozefiak.org\/?page_id=408"},"modified":"2021-02-28T20:08:02","modified_gmt":"2021-02-28T20:08:02","slug":"pozostale-sprawy","status":"publish","type":"page","link":"https:\/\/www.jozefiak.org\/index.php\/pozostale-sprawy","title":{"rendered":"Pozosta\u0142e sprawy"},"content":{"rendered":"\t\t<div data-elementor-type=\"wp-page\" data-elementor-id=\"408\" class=\"elementor elementor-408\" data-elementor-settings=\"[]\">\n\t\t\t\t\t\t<div class=\"elementor-inner\">\n\t\t\t\t\t\t\t<div class=\"elementor-section-wrap\">\n\t\t\t\t\t\t\t<section class=\"elementor-section elementor-top-section elementor-element elementor-element-23553e9a elementor-section-boxed elementor-section-height-default elementor-section-height-default\" data-id=\"23553e9a\" data-element_type=\"section\">\n\t\t\t\t\t\t<div class=\"elementor-container elementor-column-gap-no\">\n\t\t\t\t\t\t\t<div class=\"elementor-row\">\n\t\t\t\t\t<div class=\"aux-parallax-section elementor-column elementor-col-100 elementor-top-column elementor-element elementor-element-6ce96e1c\" data-id=\"6ce96e1c\" data-element_type=\"column\">\n\t\t\t<div class=\"elementor-column-wrap elementor-element-populated\">\n\t\t\t\t\t\t\t<div class=\"elementor-widget-wrap\">\n\t\t\t\t\t\t<section class=\"elementor-section elementor-inner-section elementor-element elementor-element-9fa6f51 elementor-section-full_width elementor-section-height-default elementor-section-height-default\" data-id=\"9fa6f51\" data-element_type=\"section\">\n\t\t\t\t\t\t<div class=\"elementor-container elementor-column-gap-no\">\n\t\t\t\t\t\t\t<div class=\"elementor-row\">\n\t\t\t\t\t<div class=\"aux-parallax-section elementor-column elementor-col-100 elementor-inner-column elementor-element elementor-element-f733052\" data-id=\"f733052\" data-element_type=\"column\">\n\t\t\t<div class=\"elementor-column-wrap elementor-element-populated\">\n\t\t\t\t\t\t\t<div class=\"elementor-widget-wrap\">\n\t\t\t\t\t\t<div class=\"elementor-element elementor-element-5c47633 elementor-widget elementor-widget-heading\" data-id=\"5c47633\" data-element_type=\"widget\" data-widget_type=\"heading.default\">\n\t\t\t\t<div class=\"elementor-widget-container\">\n\t\t\t<h2 class=\"elementor-heading-title elementor-size-default\">POZOSTA\u0141E SPRAWY<\/h2>\t\t<\/div>\n\t\t\t\t<\/div>\n\t\t\t\t<div class=\"elementor-element elementor-element-8996e3f elementor-widget elementor-widget-text-editor\" data-id=\"8996e3f\" data-element_type=\"widget\" data-widget_type=\"text-editor.default\">\n\t\t\t\t<div class=\"elementor-widget-container\">\n\t\t\t\t\t<div class=\"elementor-text-editor elementor-clearfix\"><p><strong>Kancelaria zajmuje si\u0119 r\u00f3wnie\u017c prowadzeniem spraw z innych ga\u0142\u0119zi prawa, w zale\u017cno\u015bci od problemu przedstawionego przez Klienta i jego potrzeb, w tym m.in.:<\/strong><\/p><ul><li>sprawami z zakresu RODO,<\/li><li>odszkodowaniami za bezumowne korzystanie z gruntu,<\/li><li>upad\u0142o\u015bci\u0105 konsumenck\u0105,<\/li><li>upad\u0142o\u015bci\u0105 przedsi\u0119biorcy,<\/li><li>sporami z zakresu prawa przewozowego,<\/li><li>sprawami o wydanie europejskiego nakaz zap\u0142aty i europejskiego tytu\u0142u egzekucyjnego,<\/li><li>sprawami zwi\u0105zanymi z tzw. kredytami walutowymi, w tym pomoc\u0105 Frankowiczom,<\/li><li>zwrotem op\u0142at pobranych przez banki w zwi\u0105zku z wcze\u015bniejsz\u0105 sp\u0142at\u0105 kredytu,<\/li><li>post\u0119powaniem przed Rzecznikiem Dyscypliny Finans\u00f3w Publicznych i przed Komisj\u0105 Orzekaj\u0105c\u0105,<\/li><li>obs\u0142ug\u0105 stowarzysze\u0144,<\/li><li>obs\u0142ug\u0105 organizacji ekologicznych,<\/li><li>obs\u0142ug\u0105 zwi\u0105zk\u00f3w zawodowych, organizacji zawodowych,<\/li><li>obs\u0142ug\u0105 prawn\u0105 jednostek samorz\u0105du terytorialnego,<\/li><li>obs\u0142ug\u0105 prawn\u0105 sp\u00f3\u0142ek Skarbu Pa\u0144stwa i jednostek samorz\u0105du terytorialnego,<\/li><li>subwencjami w ramach tarczy antykryzysowej COVID-19, kontrol\u0105 tych subwencji, reprezentowaniem beneficjenta przez PFR,<\/li><li>rejestracj\u0105 wyrob\u00f3w medycznych i produkt\u00f3w leczniczych,<\/li><li>sprawami o b\u0142\u0119dy medyczne,<\/li><li>obs\u0142ug\u0105 prawn\u0105 k\u00f3\u0142 \u0142owieckich i post\u0119powa\u0144 przed organami PZ\u0141,<\/li><li>dop\u0142atami dla rolnik\u00f3w.<\/li><\/ul><\/div>\n\t\t\t\t<\/div>\n\t\t\t\t<\/div>\n\t\t\t\t\t\t<\/div>\n\t\t\t\t\t<\/div>\n\t\t<\/div>\n\t\t\t\t\t\t\t\t<\/div>\n\t\t\t\t\t<\/div>\n\t\t<\/section>\n\t\t\t\t\t\t<\/div>\n\t\t\t\t\t<\/div>\n\t\t<\/div>\n\t\t\t\t\t\t\t\t<\/div>\n\t\t\t\t\t<\/div>\n\t\t<\/section>\n\t\t\t\t\t\t<\/div>\n\t\t\t\t\t\t<\/div>\n\t\t\t\t\t<\/div>\n\t\t","protected":false},"excerpt":{"rendered":"<p>POZOSTA\u0141E SPRAWY Kancelaria zajmuje si\u0119 r\u00f3wnie\u017c prowadzeniem spraw z innych ga\u0142\u0119zi prawa, w zale\u017cno\u015bci od problemu przedstawionego przez Klienta i jego potrzeb, w tym m.in.: sprawami z zakresu RODO, odszkodowaniami za bezumowne korzystanie z gruntu, upad\u0142o\u015bci\u0105 konsumenck\u0105, upad\u0142o\u015bci\u0105 przedsi\u0119biorcy, sporami z zakresu prawa przewozowego, sprawami o wydanie europejskiego nakaz zap\u0142aty i europejskiego tytu\u0142u egzekucyjnego, sprawami [&hellip;]<\/p>\n","protected":false},"author":1,"featured_media":0,"parent":0,"menu_order":0,"comment_status":"closed","ping_status":"closed","template":"","meta":[],"_links":{"self":[{"href":"https:\/\/www.jozefiak.org\/index.php\/wp-json\/wp\/v2\/pages\/408"}],"collection":[{"href":"https:\/\/www.jozefiak.org\/index.php\/wp-json\/wp\/v2\/pages"}],"about":[{"href":"https:\/\/www.jozefiak.org\/index.php\/wp-json\/wp\/v2\/types\/page"}],"author":[{"embeddable":true,"href":"https:\/\/www.jozefiak.org\/index.php\/wp-json\/wp\/v2\/users\/1"}],"replies":[{"embeddable":true,"href":"https:\/\/www.jozefiak.org\/index.php\/wp-json\/wp\/v2\/comments?post=408"}],"version-history":[{"count":16,"href":"https:\/\/www.jozefiak.org\/index.php\/wp-json\/wp\/v2\/pages\/408\/revisions"}],"predecessor-version":[{"id":646,"href":"https:\/\/www.jozefiak.org\/index.php\/wp-json\/wp\/v2\/pages\/408\/revisions\/646"}],"wp:attachment":[{"href":"https:\/\/www.jozefiak.org\/index.php\/wp-json\/wp\/v2\/media?parent=408"}],"curies":[{"name":"wp","href":"https:\/\/api.w.org\/{rel}","templated":true}]}}