{"id":615,"date":"2021-02-28T19:50:33","date_gmt":"2021-02-28T19:50:33","guid":{"rendered":"https:\/\/www.jozefiak.org\/?page_id=615"},"modified":"2023-12-14T18:37:50","modified_gmt":"2023-12-14T18:37:50","slug":"o-nas","status":"publish","type":"page","link":"https:\/\/www.jozefiak.org\/index.php\/o-nas","title":{"rendered":"O Nas"},"content":{"rendered":"<section>\n<h5>KANCELARIA RADCY PRAWNEGO<\/p>\n<p>MARCIN J\u00d3ZEFIAK<\/h5>\n<\/section>\n<p>Pr\u0119\u017cnie rozwijaj\u0105ca si\u0119 Kancelaria powsta\u0142a w 2011 roku.<\/p>\n<p>Tworzy j\u0105 zesp\u00f3\u0142 m\u0142odych, ambitnych i do\u015bwiadczonych prawnik\u00f3w specjalizuj\u0105cych si\u0119 w wielu ga\u0142\u0119ziach prawa.<\/p>\n<p>Zajmujemy si\u0119 obs\u0142ug\u0105 zar\u00f3wno Klient\u00f3w biznesowych jak i indywidulanych oferuj\u0105c im pomoc prawn\u0105 dopasowan\u0105 do ich potrzeb. Posiadamy grono zaufanych Klient\u00f3w nie tylko na terenie Poznania, ale ca\u0142ej Polski i Europy.<\/p>\n<p>Zapraszamy do wsp\u00f3\u0142pracy.<\/p>\n","protected":false},"excerpt":{"rendered":"<p>KANCELARIA RADCY PRAWNEGO MARCIN J\u00d3ZEFIAK Pr\u0119\u017cnie rozwijaj\u0105ca si\u0119 Kancelaria powsta\u0142a w 2011 roku. Tworzy j\u0105 zesp\u00f3\u0142 m\u0142odych, ambitnych i do\u015bwiadczonych prawnik\u00f3w specjalizuj\u0105cych si\u0119 w wielu ga\u0142\u0119ziach prawa. Zajmujemy si\u0119 obs\u0142ug\u0105 zar\u00f3wno Klient\u00f3w biznesowych jak i indywidulanych oferuj\u0105c im pomoc prawn\u0105 dopasowan\u0105 do ich potrzeb. Posiadamy grono zaufanych Klient\u00f3w nie tylko na terenie Poznania, ale ca\u0142ej [&hellip;]<\/p>\n","protected":false},"author":1,"featured_media":0,"parent":0,"menu_order":0,"comment_status":"closed","ping_status":"closed","template":"","meta":[],"_links":{"self":[{"href":"https:\/\/www.jozefiak.org\/index.php\/wp-json\/wp\/v2\/pages\/615"}],"collection":[{"href":"https:\/\/www.jozefiak.org\/index.php\/wp-json\/wp\/v2\/pages"}],"about":[{"href":"https:\/\/www.jozefiak.org\/index.php\/wp-json\/wp\/v2\/types\/page"}],"author":[{"embeddable":true,"href":"https:\/\/www.jozefiak.org\/index.php\/wp-json\/wp\/v2\/users\/1"}],"replies":[{"embeddable":true,"href":"https:\/\/www.jozefiak.org\/index.php\/wp-json\/wp\/v2\/comments?post=615"}],"version-history":[{"count":20,"href":"https:\/\/www.jozefiak.org\/index.php\/wp-json\/wp\/v2\/pages\/615\/revisions"}],"predecessor-version":[{"id":1034,"href":"https:\/\/www.jozefiak.org\/index.php\/wp-json\/wp\/v2\/pages\/615\/revisions\/1034"}],"wp:attachment":[{"href":"https:\/\/www.jozefiak.org\/index.php\/wp-json\/wp\/v2\/media?parent=615"}],"curies":[{"name":"wp","href":"https:\/\/api.w.org\/{rel}","templated":true}]}}