{"id":674,"date":"2021-03-01T07:50:05","date_gmt":"2021-03-01T07:50:05","guid":{"rendered":"https:\/\/www.jozefiak.org\/?page_id=674"},"modified":"2021-03-01T07:50:51","modified_gmt":"2021-03-01T07:50:51","slug":"klienci-indywidualni","status":"publish","type":"page","link":"https:\/\/www.jozefiak.org\/index.php\/klienci-indywidualni","title":{"rendered":"Klienci indywidualni"},"content":{"rendered":"\t\t<div data-elementor-type=\"wp-page\" data-elementor-id=\"674\" class=\"elementor elementor-674\" data-elementor-settings=\"[]\">\n\t\t\t\t\t\t<div class=\"elementor-inner\">\n\t\t\t\t\t\t\t<div class=\"elementor-section-wrap\">\n\t\t\t\t\t\t\t<section class=\"elementor-section elementor-top-section elementor-element elementor-element-23553e9a elementor-section-boxed elementor-section-height-default elementor-section-height-default\" data-id=\"23553e9a\" data-element_type=\"section\">\n\t\t\t\t\t\t<div class=\"elementor-container elementor-column-gap-no\">\n\t\t\t\t\t\t\t<div class=\"elementor-row\">\n\t\t\t\t\t<div class=\"aux-parallax-section elementor-column elementor-col-100 elementor-top-column elementor-element elementor-element-6ce96e1c\" data-id=\"6ce96e1c\" data-element_type=\"column\">\n\t\t\t<div class=\"elementor-column-wrap elementor-element-populated\">\n\t\t\t\t\t\t\t<div class=\"elementor-widget-wrap\">\n\t\t\t\t\t\t<div class=\"elementor-element elementor-element-b6b949b elementor-widget elementor-widget-heading\" data-id=\"b6b949b\" data-element_type=\"widget\" data-widget_type=\"heading.default\">\n\t\t\t\t<div class=\"elementor-widget-container\">\n\t\t\t<h2 class=\"elementor-heading-title elementor-size-default\">KLIENCI INDYWIDUALNI<\/h2>\t\t<\/div>\n\t\t\t\t<\/div>\n\t\t\t\t<section class=\"elementor-section elementor-inner-section elementor-element elementor-element-9fa6f51 elementor-section-full_width elementor-section-height-default elementor-section-height-default\" data-id=\"9fa6f51\" data-element_type=\"section\">\n\t\t\t\t\t\t<div class=\"elementor-container elementor-column-gap-no\">\n\t\t\t\t\t\t\t<div class=\"elementor-row\">\n\t\t\t\t\t<div class=\"aux-parallax-section elementor-column elementor-col-100 elementor-inner-column elementor-element elementor-element-f733052\" data-id=\"f733052\" data-element_type=\"column\">\n\t\t\t<div class=\"elementor-column-wrap elementor-element-populated\">\n\t\t\t\t\t\t\t<div class=\"elementor-widget-wrap\">\n\t\t\t\t\t\t<div class=\"elementor-element elementor-element-8996e3f elementor-widget elementor-widget-text-editor\" data-id=\"8996e3f\" data-element_type=\"widget\" data-widget_type=\"text-editor.default\">\n\t\t\t\t<div class=\"elementor-widget-container\">\n\t\t\t\t\t<div class=\"elementor-text-editor elementor-clearfix\"><p>Kancelaria oferuje nast\u0119puj\u0105ce formy wsp\u00f3\u0142pracy z Klientami indywidualnymi:<\/p><p><strong>\u00a0<\/strong><strong>Konsultacje i porady prawne:<\/strong><\/p><p>Podczas konsultacji omawiany jest problem przedstawiony przez Klienta, analizowany stan faktyczny oraz dostarczone dokumenty (w tym umowy, wyroki s\u0105d\u00f3w, pisma procesowe, decyzje administracyjne). Dokonujemy oceny sprawy z punktu widzenia przepis\u00f3w prawa oraz praktyki orzeczniczej s\u0105d\u00f3w. Proponujemy Klientowi najbardziej korzystne rozwi\u0105zanie sprawy, przedstawiaj\u0105c w miar\u0119 mo\u017cliwo\u015bci, r\u00f3\u017cne warianty post\u0119powania. W zale\u017cno\u015bci od potrzeb sporz\u0105dzamy opinie prawne, przygotowujemy niezb\u0119dne dokumenty, w tym pisma procesowe, oraz ustalamy kolejne etapy wsp\u00f3\u0142pracy.<\/p><p>Kancelaria udziela porad prawnych r\u00f3wnie\u017c w formie konsultacji telefonicznej oraz wideokonferencji.<\/p><p>\u00a0<\/p><p><strong>Sporz\u0105dzanie pism<\/strong>:<\/p><p>W oparciu o przed\u0142o\u017cone przez Klienta dokumenty i uzyskane od niego informacje Kancelaria przygotowuje projekty um\u00f3w, aneks\u00f3w, wezwa\u0144 do zap\u0142aty, wniosk\u00f3w, regulamin\u00f3w, pism przedprocesowych i procesowych (m.in. pozew, wniosek, apelacja, za\u017calenie, odwo\u0142anie, skarga) oraz opinii prawnych.<\/p><p>\u00a0<\/p><p><strong>Reprezentowanie w negocjacjach<\/strong>:<\/p><p>Kancelaria udziela wsparcia merytorycznego w negocjacjach prowadzonych przez Klient\u00f3w dokonuj\u0105c analizy pod wzgl\u0119dem prawnym niezb\u0119dnych dokument\u00f3w, przygotowuj\u0105c argumentacj\u0119 i strategi\u0119 dzia\u0142ania oraz zapewniaj\u0105c bezpo\u015brednie wsparcie w toku negocjacji prowadzonych z kontrahentem.<\/p><p>\u00a0<\/p><p><strong>Zast\u0119pstwo procesowe:<\/strong><\/p><p>W ramach udzielonego pe\u0142nomocnictwa Kancelaria zapewnia zast\u0119pstwo Klienta w post\u0119powaniu przed s\u0105dami powszechnymi, administracyjnymi oraz organami publicznymi. Reprezentujemy Klienta w\u00a0post\u0119powaniu przed mediatorem, w sprawie o zawezwanie do pr\u00f3by ugodowej oraz w post\u0119powaniu egzekucyjnym.<\/p><p>\u00a0<\/p><p><strong>Sta\u0142a obs\u0142uga prawna:<\/strong><\/p><p>W przypadku przedsi\u0119biorc\u00f3w proponujemy wsp\u00f3\u0142prac\u0119 w ramach sta\u0142ej obs\u0142ugi prawnej. Taka forma gwarantuje bie\u017c\u0105ce rozwi\u0105zywanie spraw zwi\u0105zanych z prowadzon\u0105 przez Klienta dzia\u0142alno\u015bci\u0105.<\/p><p>Zakres takiej obs\u0142ugi ustalany jest ka\u017cdorazowo indywidualnie, a rozliczenie nast\u0119puje zgodnie z\u00a0umow\u0105 rycza\u0142towo, wed\u0142ug stawki godzinowej lub w systemie mieszanym.<\/p><p>\u00a0<\/p><p>Kancelaria wsp\u00f3\u0142pracuje z radcami prawnymi, adwokatami, notariuszami, doradcami podatkowymi, ksi\u0119gowymi, t\u0142umaczami przysi\u0119g\u0142ymi \u2013 zapewniaj\u0105c Klientom kompleksowe wsparcie dostosowane do ich potrzeb.<\/p><\/div>\n\t\t\t\t<\/div>\n\t\t\t\t<\/div>\n\t\t\t\t\t\t<\/div>\n\t\t\t\t\t<\/div>\n\t\t<\/div>\n\t\t\t\t\t\t\t\t<\/div>\n\t\t\t\t\t<\/div>\n\t\t<\/section>\n\t\t\t\t\t\t<\/div>\n\t\t\t\t\t<\/div>\n\t\t<\/div>\n\t\t\t\t\t\t\t\t<\/div>\n\t\t\t\t\t<\/div>\n\t\t<\/section>\n\t\t\t\t\t\t<\/div>\n\t\t\t\t\t\t<\/div>\n\t\t\t\t\t<\/div>\n\t\t","protected":false},"excerpt":{"rendered":"<p>KLIENCI INDYWIDUALNI Kancelaria oferuje nast\u0119puj\u0105ce formy wsp\u00f3\u0142pracy z Klientami indywidualnymi: \u00a0Konsultacje i porady prawne: Podczas konsultacji omawiany jest problem przedstawiony przez Klienta, analizowany stan faktyczny oraz dostarczone dokumenty (w tym umowy, wyroki s\u0105d\u00f3w, pisma procesowe, decyzje administracyjne). Dokonujemy oceny sprawy z punktu widzenia przepis\u00f3w prawa oraz praktyki orzeczniczej s\u0105d\u00f3w. Proponujemy Klientowi najbardziej korzystne rozwi\u0105zanie sprawy, [&hellip;]<\/p>\n","protected":false},"author":1,"featured_media":0,"parent":0,"menu_order":0,"comment_status":"closed","ping_status":"closed","template":"","meta":[],"_links":{"self":[{"href":"https:\/\/www.jozefiak.org\/index.php\/wp-json\/wp\/v2\/pages\/674"}],"collection":[{"href":"https:\/\/www.jozefiak.org\/index.php\/wp-json\/wp\/v2\/pages"}],"about":[{"href":"https:\/\/www.jozefiak.org\/index.php\/wp-json\/wp\/v2\/types\/page"}],"author":[{"embeddable":true,"href":"https:\/\/www.jozefiak.org\/index.php\/wp-json\/wp\/v2\/users\/1"}],"replies":[{"embeddable":true,"href":"https:\/\/www.jozefiak.org\/index.php\/wp-json\/wp\/v2\/comments?post=674"}],"version-history":[{"count":4,"href":"https:\/\/www.jozefiak.org\/index.php\/wp-json\/wp\/v2\/pages\/674\/revisions"}],"predecessor-version":[{"id":678,"href":"https:\/\/www.jozefiak.org\/index.php\/wp-json\/wp\/v2\/pages\/674\/revisions\/678"}],"wp:attachment":[{"href":"https:\/\/www.jozefiak.org\/index.php\/wp-json\/wp\/v2\/media?parent=674"}],"curies":[{"name":"wp","href":"https:\/\/api.w.org\/{rel}","templated":true}]}}