{"id":710,"date":"2021-03-01T13:42:03","date_gmt":"2021-03-01T13:42:03","guid":{"rendered":"https:\/\/www.jozefiak.org\/?page_id=710"},"modified":"2021-03-01T20:02:32","modified_gmt":"2021-03-01T20:02:32","slug":"marcin-jozefiak","status":"publish","type":"page","link":"https:\/\/www.jozefiak.org\/index.php\/marcin-jozefiak","title":{"rendered":"Marcin J\u00f3zefiak"},"content":{"rendered":"\t\t<div data-elementor-type=\"wp-page\" data-elementor-id=\"710\" class=\"elementor elementor-710\" data-elementor-settings=\"[]\">\n\t\t\t\t\t\t<div class=\"elementor-inner\">\n\t\t\t\t\t\t\t<div class=\"elementor-section-wrap\">\n\t\t\t\t\t\t\t<section class=\"elementor-section elementor-top-section elementor-element elementor-element-23553e9a elementor-section-boxed elementor-section-height-default elementor-section-height-default\" data-id=\"23553e9a\" data-element_type=\"section\">\n\t\t\t\t\t\t<div class=\"elementor-container elementor-column-gap-no\">\n\t\t\t\t\t\t\t<div class=\"elementor-row\">\n\t\t\t\t\t<div class=\"aux-parallax-section elementor-column elementor-col-100 elementor-top-column elementor-element elementor-element-6ce96e1c\" data-id=\"6ce96e1c\" data-element_type=\"column\">\n\t\t\t<div class=\"elementor-column-wrap elementor-element-populated\">\n\t\t\t\t\t\t\t<div class=\"elementor-widget-wrap\">\n\t\t\t\t\t\t<div class=\"elementor-element elementor-element-6a775199 elementor-widget elementor-widget-aux_modern_heading\" data-id=\"6a775199\" data-element_type=\"widget\" data-widget_type=\"aux_modern_heading.default\">\n\t\t\t\t<div class=\"elementor-widget-container\">\n\t\t\t<section class=\"aux-widget-modern-heading\">\n            <div class=\"aux-widget-inner\"><h5 class=\"aux-modern-heading-primary\">POZNAJ NAS BLI\u017bEJ<\/h5><\/div>\n        <\/section>\t\t<\/div>\n\t\t\t\t<\/div>\n\t\t\t\t<section class=\"elementor-section elementor-inner-section elementor-element elementor-element-1e3d987e elementor-section-full_width elementor-section-height-default elementor-section-height-default\" data-id=\"1e3d987e\" data-element_type=\"section\">\n\t\t\t\t\t\t<div class=\"elementor-container elementor-column-gap-no\">\n\t\t\t\t\t\t\t<div class=\"elementor-row\">\n\t\t\t\t\t<div class=\"aux-parallax-section elementor-column elementor-col-100 elementor-inner-column elementor-element elementor-element-35ddcbe2\" data-id=\"35ddcbe2\" data-element_type=\"column\">\n\t\t\t<div class=\"elementor-column-wrap elementor-element-populated\">\n\t\t\t\t\t\t\t<div class=\"elementor-widget-wrap\">\n\t\t\t\t\t\t<div class=\"elementor-element elementor-element-51e73b37 aux-appear-watch-animation aux-fade-in-right-1 elementor-widget elementor-widget-aux_staff\" data-id=\"51e73b37\" data-element_type=\"widget\" data-widget_type=\"aux_staff.default\">\n\t\t\t\t<div class=\"elementor-widget-container\">\n\t\t\t<section class=\"aux-wrap-style-simple widget-container aux-widget-staff aux-parent-au2623a3cf\" style=\"\" >    <div class=\"aux-staff-container aux-staff-pos-left aux-staff-text-left aux-staff-text-dark \" >\n            <div class=\"aux-staff-header aux-staff-img-rect\">\n            <div class=\"aux-media-image\"><img loading=\"lazy\" width=\"2560\" height=\"1704\" src=\"data:image\/gif;base64,R0lGODlhAQABAIAAAAAAAP\/\/\/yH5BAEAAAAALAAAAAABAAEAAAIBRAA7\" class=\" aux-preload aux-blank\" alt=\"_DSC1607\" data-ratio=\"1.5\" data-original-w=\"2560\" data-src=\"https:\/\/www.jozefiak.org\/wp-content\/uploads\/2020\/09\/DSC1607-scaled.jpg\" \/><\/div>        <\/div>\n            <div class=\"aux-staff-content\">\n                        <h4 class=\"col-title\"> Marcin J\u00f3zefiak<\/h4>\n                        <h5 class=\"col-subtitle\">radca prawny<\/h5>\n                        <div class=\"aux-staff-footer aux-small aux-horizontal\">\n                    <ul class=\"aux-social-list\">\n\n                                                                                                                                                                                                                          <\/ul>\n           <\/div>\n                    <\/div>\n\n    <\/div>\n\n\n<\/section><!-- widget-container -->\t\t<\/div>\n\t\t\t\t<\/div>\n\t\t\t\t<div class=\"elementor-element elementor-element-f2fd55c elementor-widget elementor-widget-text-editor\" data-id=\"f2fd55c\" data-element_type=\"widget\" data-widget_type=\"text-editor.default\">\n\t\t\t\t<div class=\"elementor-widget-container\">\n\t\t\t\t\t<div class=\"elementor-text-editor elementor-clearfix\"><\/div>\n\t\t\t\t<\/div>\n\t\t\t\t<\/div>\n\t\t\t\t\t\t<\/div>\n\t\t\t\t\t<\/div>\n\t\t<\/div>\n\t\t\t\t\t\t\t\t<\/div>\n\t\t\t\t\t<\/div>\n\t\t<\/section>\n\t\t\t\t<div class=\"elementor-element elementor-element-d1fac85 elementor-widget-divider--view-line elementor-widget elementor-widget-divider\" data-id=\"d1fac85\" data-element_type=\"widget\" data-widget_type=\"divider.default\">\n\t\t\t\t<div class=\"elementor-widget-container\">\n\t\t\t\t\t<div class=\"elementor-divider\">\n\t\t\t<span class=\"elementor-divider-separator\">\n\t\t\t\t\t\t<\/span>\n\t\t<\/div>\n\t\t\t\t<\/div>\n\t\t\t\t<\/div>\n\t\t\t\t<section class=\"elementor-section elementor-inner-section elementor-element elementor-element-9fa6f51 elementor-section-full_width elementor-section-height-default elementor-section-height-default\" data-id=\"9fa6f51\" data-element_type=\"section\">\n\t\t\t\t\t\t<div class=\"elementor-container elementor-column-gap-no\">\n\t\t\t\t\t\t\t<div class=\"elementor-row\">\n\t\t\t\t\t<div class=\"aux-parallax-section elementor-column elementor-col-100 elementor-inner-column elementor-element elementor-element-f733052\" data-id=\"f733052\" data-element_type=\"column\">\n\t\t\t<div class=\"elementor-column-wrap elementor-element-populated\">\n\t\t\t\t\t\t\t<div class=\"elementor-widget-wrap\">\n\t\t\t\t\t\t<div class=\"elementor-element elementor-element-c5bac6a elementor-widget elementor-widget-text-editor\" data-id=\"c5bac6a\" data-element_type=\"widget\" data-widget_type=\"text-editor.default\">\n\t\t\t\t<div class=\"elementor-widget-container\">\n\t\t\t\t\t<div class=\"elementor-text-editor elementor-clearfix\"><p>Absolwent I L.O. im. Karola Marcinkowskiego w Poznaniu i kierunku prawo na Wydziale Prawa i\u00a0Administracji Uniwersytetu im. A. Mickiewicza w Poznaniu.<\/p><p>Od 2011 roku wpisany na list\u0119 radc\u00f3w prawnych Okr\u0119gowej Izby Radc\u00f3w Prawnych w Poznaniu. Wpisany na list\u0119 mediator\u00f3w.<\/p><p>W latach 2007-2009 oraz 2012-2017 cz\u0142onek pozaetatowy Samorz\u0105dowego Kolegium Odwo\u0142awczego w Poznaniu, a w latach 2009-2011 cz\u0142onek etatowy Samorz\u0105dowego Kolegium Odwo\u0142awczego w\u00a0Poznaniu. Pracownik Izby Skarbowej w Poznaniu w latach 2005-2006. Trener VAT oraz kurator dla os\u00f3b fizycznych i prawnych.<\/p><p>Reprezentuje m.in. pa\u0144stwowe osoby prawne, jednostki samorz\u0105dowe, mi\u0119dzynarodowe konsorcja, firmy oraz osoby fizyczne w sprawach tocz\u0105cych si\u0119 przed s\u0105dami powszechnymi, administracyjnymi i\u00a0S\u0105dem Najwy\u017cszym.<\/p><p>Autor publikacji z zakresu prawa podatkowego, administracyjnego i farmaceutycznego. Prowadzi szkolenia z zakresu prawa podatkowego, administracyjnego, cywilnego, gospodarczego i rodzinnego.<\/p><p>Posiada wieloletnie do\u015bwiadczenie w zakresie obs\u0142ugi prawnej os\u00f3b fizycznych i prawnych, prowadzenia spraw s\u0105dowych, mediacji oraz post\u0119powa\u0144 arbitra\u017cowych.<\/p><\/div>\n\t\t\t\t<\/div>\n\t\t\t\t<\/div>\n\t\t\t\t\t\t<\/div>\n\t\t\t\t\t<\/div>\n\t\t<\/div>\n\t\t\t\t\t\t\t\t<\/div>\n\t\t\t\t\t<\/div>\n\t\t<\/section>\n\t\t\t\t\t\t<\/div>\n\t\t\t\t\t<\/div>\n\t\t<\/div>\n\t\t\t\t\t\t\t\t<\/div>\n\t\t\t\t\t<\/div>\n\t\t<\/section>\n\t\t\t\t\t\t<\/div>\n\t\t\t\t\t\t<\/div>\n\t\t\t\t\t<\/div>\n\t\t","protected":false},"excerpt":{"rendered":"<p>POZNAJ NAS BLI\u017bEJ Marcin J\u00f3zefiak radca prawny Absolwent I L.O. im. Karola Marcinkowskiego w Poznaniu i kierunku prawo na Wydziale Prawa i\u00a0Administracji Uniwersytetu im. A. Mickiewicza w Poznaniu. Od 2011 roku wpisany na list\u0119 radc\u00f3w prawnych Okr\u0119gowej Izby Radc\u00f3w Prawnych w Poznaniu. Wpisany na list\u0119 mediator\u00f3w. W latach 2007-2009 oraz 2012-2017 cz\u0142onek pozaetatowy Samorz\u0105dowego Kolegium [&hellip;]<\/p>\n","protected":false},"author":1,"featured_media":0,"parent":0,"menu_order":0,"comment_status":"closed","ping_status":"closed","template":"","meta":[],"_links":{"self":[{"href":"https:\/\/www.jozefiak.org\/index.php\/wp-json\/wp\/v2\/pages\/710"}],"collection":[{"href":"https:\/\/www.jozefiak.org\/index.php\/wp-json\/wp\/v2\/pages"}],"about":[{"href":"https:\/\/www.jozefiak.org\/index.php\/wp-json\/wp\/v2\/types\/page"}],"author":[{"embeddable":true,"href":"https:\/\/www.jozefiak.org\/index.php\/wp-json\/wp\/v2\/users\/1"}],"replies":[{"embeddable":true,"href":"https:\/\/www.jozefiak.org\/index.php\/wp-json\/wp\/v2\/comments?post=710"}],"version-history":[{"count":10,"href":"https:\/\/www.jozefiak.org\/index.php\/wp-json\/wp\/v2\/pages\/710\/revisions"}],"predecessor-version":[{"id":776,"href":"https:\/\/www.jozefiak.org\/index.php\/wp-json\/wp\/v2\/pages\/710\/revisions\/776"}],"wp:attachment":[{"href":"https:\/\/www.jozefiak.org\/index.php\/wp-json\/wp\/v2\/media?parent=710"}],"curies":[{"name":"wp","href":"https:\/\/api.w.org\/{rel}","templated":true}]}}