{"id":798,"date":"2021-03-04T07:57:06","date_gmt":"2021-03-04T07:57:06","guid":{"rendered":"https:\/\/www.jozefiak.org\/?page_id=798"},"modified":"2024-08-27T05:14:06","modified_gmt":"2024-08-27T05:14:06","slug":"marika-dulat","status":"publish","type":"page","link":"https:\/\/www.jozefiak.org\/index.php\/marika-dulat","title":{"rendered":"Marika Dulat"},"content":{"rendered":"\t\t<div data-elementor-type=\"wp-page\" data-elementor-id=\"798\" class=\"elementor elementor-798\" data-elementor-settings=\"[]\">\n\t\t\t\t\t\t<div class=\"elementor-inner\">\n\t\t\t\t\t\t\t<div class=\"elementor-section-wrap\">\n\t\t\t\t\t\t\t<section class=\"elementor-section elementor-top-section elementor-element elementor-element-23553e9a elementor-section-boxed elementor-section-height-default elementor-section-height-default\" data-id=\"23553e9a\" data-element_type=\"section\">\n\t\t\t\t\t\t<div class=\"elementor-container elementor-column-gap-no\">\n\t\t\t\t\t\t\t<div class=\"elementor-row\">\n\t\t\t\t\t<div class=\"aux-parallax-section elementor-column elementor-col-100 elementor-top-column elementor-element elementor-element-6ce96e1c\" data-id=\"6ce96e1c\" data-element_type=\"column\">\n\t\t\t<div class=\"elementor-column-wrap elementor-element-populated\">\n\t\t\t\t\t\t\t<div class=\"elementor-widget-wrap\">\n\t\t\t\t\t\t<div class=\"elementor-element elementor-element-6a775199 elementor-widget elementor-widget-aux_modern_heading\" data-id=\"6a775199\" data-element_type=\"widget\" data-widget_type=\"aux_modern_heading.default\">\n\t\t\t\t<div class=\"elementor-widget-container\">\n\t\t\t<section class=\"aux-widget-modern-heading\">\n            <div class=\"aux-widget-inner\"><h5 class=\"aux-modern-heading-primary\">POZNAJ NAS BLI\u017bEJ<\/h5><\/div>\n        <\/section>\t\t<\/div>\n\t\t\t\t<\/div>\n\t\t\t\t<section class=\"elementor-section elementor-inner-section elementor-element elementor-element-1e3d987e elementor-section-full_width elementor-section-height-default elementor-section-height-default\" data-id=\"1e3d987e\" data-element_type=\"section\">\n\t\t\t\t\t\t<div class=\"elementor-container elementor-column-gap-no\">\n\t\t\t\t\t\t\t<div class=\"elementor-row\">\n\t\t\t\t\t<div class=\"aux-parallax-section elementor-column elementor-col-100 elementor-inner-column elementor-element elementor-element-35ddcbe2\" data-id=\"35ddcbe2\" data-element_type=\"column\">\n\t\t\t<div class=\"elementor-column-wrap elementor-element-populated\">\n\t\t\t\t\t\t\t<div class=\"elementor-widget-wrap\">\n\t\t\t\t\t\t<div class=\"elementor-element elementor-element-51e73b37 aux-appear-watch-animation aux-fade-in-right-1 elementor-widget elementor-widget-aux_staff\" data-id=\"51e73b37\" data-element_type=\"widget\" data-widget_type=\"aux_staff.default\">\n\t\t\t\t<div class=\"elementor-widget-container\">\n\t\t\t<section class=\"aux-wrap-style-simple widget-container aux-widget-staff aux-parent-au4b0979bc\" style=\"\" >    <div class=\"aux-staff-container aux-staff-pos-left aux-staff-text-left aux-staff-text-dark \" >\n            <div class=\"aux-staff-header aux-staff-img-rect\">\n            <div class=\"aux-media-image\"><img loading=\"lazy\" width=\"2560\" height=\"1704\" src=\"data:image\/gif;base64,R0lGODlhAQABAIAAAAAAAP\/\/\/yH5BAEAAAAALAAAAAABAAEAAAIBRAA7\" class=\" aux-preload aux-blank\" alt=\"Marika\" data-ratio=\"1.5\" data-original-w=\"2560\" data-src=\"https:\/\/www.jozefiak.org\/wp-content\/uploads\/2020\/12\/Marika-scaled.jpg\" \/><\/div>        <\/div>\n            <div class=\"aux-staff-content\">\n                        <h4 class=\"col-title\">Marika Dulat<\/h4>\n                        <h5 class=\"col-subtitle\">radca prawny<\/h5>\n                        <div class=\"aux-staff-footer aux-small aux-horizontal\">\n                    <ul class=\"aux-social-list\">\n\n                                                                                                                                                                                                                          <\/ul>\n           <\/div>\n                    <\/div>\n\n    <\/div>\n\n\n<\/section><!-- widget-container -->\t\t<\/div>\n\t\t\t\t<\/div>\n\t\t\t\t<div class=\"elementor-element elementor-element-f2fd55c elementor-widget elementor-widget-text-editor\" data-id=\"f2fd55c\" data-element_type=\"widget\" data-widget_type=\"text-editor.default\">\n\t\t\t\t<div class=\"elementor-widget-container\">\n\t\t\t\t\t<div class=\"elementor-text-editor elementor-clearfix\"><\/div>\n\t\t\t\t<\/div>\n\t\t\t\t<\/div>\n\t\t\t\t\t\t<\/div>\n\t\t\t\t\t<\/div>\n\t\t<\/div>\n\t\t\t\t\t\t\t\t<\/div>\n\t\t\t\t\t<\/div>\n\t\t<\/section>\n\t\t\t\t<div class=\"elementor-element elementor-element-d1fac85 elementor-widget-divider--view-line elementor-widget elementor-widget-divider\" data-id=\"d1fac85\" data-element_type=\"widget\" data-widget_type=\"divider.default\">\n\t\t\t\t<div class=\"elementor-widget-container\">\n\t\t\t\t\t<div class=\"elementor-divider\">\n\t\t\t<span class=\"elementor-divider-separator\">\n\t\t\t\t\t\t<\/span>\n\t\t<\/div>\n\t\t\t\t<\/div>\n\t\t\t\t<\/div>\n\t\t\t\t<section class=\"elementor-section elementor-inner-section elementor-element elementor-element-9fa6f51 elementor-section-full_width elementor-section-height-default elementor-section-height-default\" data-id=\"9fa6f51\" data-element_type=\"section\">\n\t\t\t\t\t\t<div class=\"elementor-container elementor-column-gap-no\">\n\t\t\t\t\t\t\t<div class=\"elementor-row\">\n\t\t\t\t\t<div class=\"aux-parallax-section elementor-column elementor-col-100 elementor-inner-column elementor-element elementor-element-f733052\" data-id=\"f733052\" data-element_type=\"column\">\n\t\t\t<div class=\"elementor-column-wrap elementor-element-populated\">\n\t\t\t\t\t\t\t<div class=\"elementor-widget-wrap\">\n\t\t\t\t\t\t<div class=\"elementor-element elementor-element-c5bac6a elementor-widget elementor-widget-text-editor\" data-id=\"c5bac6a\" data-element_type=\"widget\" data-widget_type=\"text-editor.default\">\n\t\t\t\t<div class=\"elementor-widget-container\">\n\t\t\t\t\t<div class=\"elementor-text-editor elementor-clearfix\"><p>Absolwentka prawa na Wydziale Prawa i Administracji Uniwersytetu im. Adama Mickiewicza w\u00a0Poznaniu.<\/p><p>Tytu\u0142 magistra uzyska\u0142a w 2020 roku, broni\u0105c prac\u0119 magistersk\u0105 pt. \u201ePrzekszta\u0142cenie sp\u00f3\u0142ki cywilnej w\u00a0sp\u00f3\u0142k\u0119 komandytow\u0105\u201d przygotowan\u0105 pod kierownictwem prof. UAM dr. hab. Leopolda Moskwy.<\/p><p>Aplikacj\u0119 odby\u0142a w latach 2011-2023 przy Okr\u0119gowej Izbie Radc\u00f3w Prawnych w Poznaniu.<\/p><p>Radca prawny od 2024 r. wpisana na list\u0119 radc\u00f3w prawnych prowadzon\u0105 przez Okr\u0119gow\u0105 Izb\u0119 Radc\u00f3w Prawnych w Poznaniu.\u00a0<\/p><p>W obszarze jej zainteresowa\u0144 le\u017cy prawo rodzinne, prawo pracy oraz prawo handlowe.<\/p><\/div>\n\t\t\t\t<\/div>\n\t\t\t\t<\/div>\n\t\t\t\t\t\t<\/div>\n\t\t\t\t\t<\/div>\n\t\t<\/div>\n\t\t\t\t\t\t\t\t<\/div>\n\t\t\t\t\t<\/div>\n\t\t<\/section>\n\t\t\t\t\t\t<\/div>\n\t\t\t\t\t<\/div>\n\t\t<\/div>\n\t\t\t\t\t\t\t\t<\/div>\n\t\t\t\t\t<\/div>\n\t\t<\/section>\n\t\t\t\t\t\t<\/div>\n\t\t\t\t\t\t<\/div>\n\t\t\t\t\t<\/div>\n\t\t","protected":false},"excerpt":{"rendered":"<p>POZNAJ NAS BLI\u017bEJ Marika Dulat radca prawny Absolwentka prawa na Wydziale Prawa i Administracji Uniwersytetu im. Adama Mickiewicza w\u00a0Poznaniu. Tytu\u0142 magistra uzyska\u0142a w 2020 roku, broni\u0105c prac\u0119 magistersk\u0105 pt. \u201ePrzekszta\u0142cenie sp\u00f3\u0142ki cywilnej w\u00a0sp\u00f3\u0142k\u0119 komandytow\u0105\u201d przygotowan\u0105 pod kierownictwem prof. UAM dr. hab. Leopolda Moskwy. Aplikacj\u0119 odby\u0142a w latach 2011-2023 przy Okr\u0119gowej Izbie Radc\u00f3w Prawnych w Poznaniu. [&hellip;]<\/p>\n","protected":false},"author":1,"featured_media":0,"parent":0,"menu_order":0,"comment_status":"closed","ping_status":"closed","template":"","meta":[],"_links":{"self":[{"href":"https:\/\/www.jozefiak.org\/index.php\/wp-json\/wp\/v2\/pages\/798"}],"collection":[{"href":"https:\/\/www.jozefiak.org\/index.php\/wp-json\/wp\/v2\/pages"}],"about":[{"href":"https:\/\/www.jozefiak.org\/index.php\/wp-json\/wp\/v2\/types\/page"}],"author":[{"embeddable":true,"href":"https:\/\/www.jozefiak.org\/index.php\/wp-json\/wp\/v2\/users\/1"}],"replies":[{"embeddable":true,"href":"https:\/\/www.jozefiak.org\/index.php\/wp-json\/wp\/v2\/comments?post=798"}],"version-history":[{"count":8,"href":"https:\/\/www.jozefiak.org\/index.php\/wp-json\/wp\/v2\/pages\/798\/revisions"}],"predecessor-version":[{"id":1066,"href":"https:\/\/www.jozefiak.org\/index.php\/wp-json\/wp\/v2\/pages\/798\/revisions\/1066"}],"wp:attachment":[{"href":"https:\/\/www.jozefiak.org\/index.php\/wp-json\/wp\/v2\/media?parent=798"}],"curies":[{"name":"wp","href":"https:\/\/api.w.org\/{rel}","templated":true}]}}